{"id":12,"date":"2020-01-19T16:12:41","date_gmt":"2020-01-19T15:12:41","guid":{"rendered":"https:\/\/ewahaasstark.de\/?page_id=12"},"modified":"2026-02-19T14:46:56","modified_gmt":"2026-02-19T13:46:56","slug":"home","status":"publish","type":"page","link":"https:\/\/ewahaasstark.de\/","title":{"rendered":"Model Ewa Haas-Stark"},"content":{"rendered":"\n<p><\/p>\n\n\n\n<p>.<\/p>\n\n\n\n<div id=\"sb_instagram\"  class=\"sbi sbi_mob_col_1 sbi_tab_col_2 sbi_col_3 sbi_width_resp\" style=\"padding-bottom: 10px;width: 100%;\" data-feedid=\"*1\"  data-res=\"auto\" data-cols=\"3\" data-colsmobile=\"1\" data-colstablet=\"2\" data-num=\"9\" data-nummobile=\"\" data-item-padding=\"5\" data-shortcode-atts=\"{}\"  data-postid=\"12\" data-locatornonce=\"b99b21ac04\" data-imageaspectratio=\"1:1\" data-sbi-flags=\"favorLocal\">\n\t\n    <div id=\"sbi_images\"  style=\"gap: 10px;\">\n\t\t    <\/div>\n\n\t<div id=\"sbi_load\" >\n\n\t\n\t\n<\/div>\n\n\t    <span class=\"sbi_resized_image_data\" data-feed-id=\"*1\" data-resized=\"[]\">\n\t<\/span>\n\t<\/div>\n\n\n\n\n<p class=\"has-text-align-center has-medium-font-size\">&#8222;Life doesn&#8220;t require that we are the best, only that we try to be our best&#8220;<\/p>\n\n\n\n<div class=\"wp-block-media-text is-stacked-on-mobile\"><figure class=\"wp-block-media-text__media\"><img decoding=\"async\" src=\"https:\/\/ewahaasstark.de\/wp-content\/uploads\/2024\/12\/DSC7594-Bearbeitet.jpg\" alt=\"\" class=\"wp-image-1326 size-full\"\/><\/figure><div class=\"wp-block-media-text__content\">\n<p>Modeln als Mensch ist eine Kunstform, die weit \u00fcber gutes Aussehen hinausgeht. Es erfordert Ausdrucksst\u00e4rke, K\u00f6rperbewusstsein und die F\u00e4higkeit, Emotionen durch Posen zu vermitteln. Vielseitigkeit und Anpassungsf\u00e4higkeit sind entscheidend, um den unterschiedlichen Anforderungen von Haute Couture bis zu kommerziellen Kampagnen gerecht zu werden. Disziplin, Professionalit\u00e4t und ein gepflegtes Erscheinungsbild sind ebenso wichtig wie Kreativit\u00e4t und Improvisationstalent. Selbstbewusstsein und Authentizit\u00e4t helfen, sich in der wettbewerbsintensiven Modewelt zu behaupten. Modeln bedeutet, eine Geschichte zu erz\u00e4hlen und die Visionen von Designern und Fotografen lebendig werden zu lassen.<\/p>\n<\/div><\/div>\n\n\n\n<hr class=\"wp-block-separator has-css-opacity is-style-default\"\/>\n\n\n\n<div class=\"wp-block-media-text is-stacked-on-mobile\"><figure class=\"wp-block-media-text__media\"><img loading=\"lazy\" decoding=\"async\" width=\"1080\" height=\"1080\" src=\"https:\/\/ewahaasstark.de\/wp-content\/uploads\/2024\/11\/Screenshot_20241126_140250_Gallery-2.jpg\" alt=\"\" class=\"wp-image-1307 size-full\" srcset=\"https:\/\/ewahaasstark.de\/wp-content\/uploads\/2024\/11\/Screenshot_20241126_140250_Gallery-2.jpg 1080w, https:\/\/ewahaasstark.de\/wp-content\/uploads\/2024\/11\/Screenshot_20241126_140250_Gallery-2-540x540.jpg 540w, https:\/\/ewahaasstark.de\/wp-content\/uploads\/2024\/11\/Screenshot_20241126_140250_Gallery-2-100x100.jpg 100w, https:\/\/ewahaasstark.de\/wp-content\/uploads\/2024\/11\/Screenshot_20241126_140250_Gallery-2-600x600.jpg 600w, https:\/\/ewahaasstark.de\/wp-content\/uploads\/2024\/11\/Screenshot_20241126_140250_Gallery-2-300x300.jpg 300w, https:\/\/ewahaasstark.de\/wp-content\/uploads\/2024\/11\/Screenshot_20241126_140250_Gallery-2-1024x1024.jpg 1024w, https:\/\/ewahaasstark.de\/wp-content\/uploads\/2024\/11\/Screenshot_20241126_140250_Gallery-2-150x150.jpg 150w, https:\/\/ewahaasstark.de\/wp-content\/uploads\/2024\/11\/Screenshot_20241126_140250_Gallery-2-768x768.jpg 768w, https:\/\/ewahaasstark.de\/wp-content\/uploads\/2024\/11\/Screenshot_20241126_140250_Gallery-2-70x70.jpg 70w, https:\/\/ewahaasstark.de\/wp-content\/uploads\/2024\/11\/Screenshot_20241126_140250_Gallery-2-580x580.jpg 580w, https:\/\/ewahaasstark.de\/wp-content\/uploads\/2024\/11\/Screenshot_20241126_140250_Gallery-2-860x860.jpg 860w\" sizes=\"auto, (max-width: 1080px) 100vw, 1080px\" \/><\/figure><div class=\"wp-block-media-text__content\">\n<p class=\"has-text-align-center has-large-font-size\">Selbstbewusstsein ist dein Stil, Leidenschaft ist dein Weg \u2013 Sch\u00f6nheit beginnt im Inneren.<\/p>\n\n\n\n<p class=\"has-text-align-center has-large-font-size\"><\/p>\n<\/div><\/div>\n\n\n\n<p><\/p>\n\n\n\n<div class=\"wp-block-media-text is-stacked-on-mobile has-background\" style=\"background-color:#f4f1f2\"><figure class=\"wp-block-media-text__media\"><img decoding=\"async\" src=\"https:\/\/ewahaasstark.de\/wp-content\/uploads\/2024\/12\/DSC7607-Bearbeitet.jpg\" alt=\"\" class=\"wp-image-1318 size-full\"\/><\/figure><div class=\"wp-block-media-text__content\">\n<p class=\"has-text-align-center has-large-font-size\">Trag deine Pers\u00f6nlichkeit wie ein stilles Feuer \u2013 sie muss nicht laut brennen, um zu w\u00e4rmen.<\/p>\n<\/div><\/div>\n\n\n<p class=\"wp-block-site-tagline\">Model<\/p>\n\n\n<p><\/p>\n","protected":false},"excerpt":{"rendered":"<p>. &#8222;Life doesn&#8220;t require that we are the best, only that we try to be our best&#8220; Modeln als Mensch ist eine Kunstform, die weit \u00fcber gutes Aussehen hinausgeht. Es erfordert Ausdrucksst\u00e4rke, K\u00f6rperbewusstsein und die F\u00e4higkeit, Emotionen durch Posen zu vermitteln. Vielseitigkeit und Anpassungsf\u00e4higkeit sind entscheidend, um den unterschiedlichen Anforderungen von Haute Couture bis zu&#8230;<\/p>\n","protected":false},"author":1,"featured_media":1307,"parent":0,"menu_order":0,"comment_status":"closed","ping_status":"closed","template":"","meta":{"footnotes":""},"class_list":["post-12","page","type-page","status-publish","has-post-thumbnail","hentry"],"_links":{"self":[{"href":"https:\/\/ewahaasstark.de\/index.php?rest_route=\/wp\/v2\/pages\/12","targetHints":{"allow":["GET"]}}],"collection":[{"href":"https:\/\/ewahaasstark.de\/index.php?rest_route=\/wp\/v2\/pages"}],"about":[{"href":"https:\/\/ewahaasstark.de\/index.php?rest_route=\/wp\/v2\/types\/page"}],"author":[{"embeddable":true,"href":"https:\/\/ewahaasstark.de\/index.php?rest_route=\/wp\/v2\/users\/1"}],"replies":[{"embeddable":true,"href":"https:\/\/ewahaasstark.de\/index.php?rest_route=%2Fwp%2Fv2%2Fcomments&post=12"}],"version-history":[{"count":50,"href":"https:\/\/ewahaasstark.de\/index.php?rest_route=\/wp\/v2\/pages\/12\/revisions"}],"predecessor-version":[{"id":1568,"href":"https:\/\/ewahaasstark.de\/index.php?rest_route=\/wp\/v2\/pages\/12\/revisions\/1568"}],"wp:featuredmedia":[{"embeddable":true,"href":"https:\/\/ewahaasstark.de\/index.php?rest_route=\/wp\/v2\/media\/1307"}],"wp:attachment":[{"href":"https:\/\/ewahaasstark.de\/index.php?rest_route=%2Fwp%2Fv2%2Fmedia&parent=12"}],"curies":[{"name":"wp","href":"https:\/\/api.w.org\/{rel}","templated":true}]}}